{"id":843,"date":"2021-04-19T00:44:19","date_gmt":"2021-04-19T05:44:19","guid":{"rendered":"https:\/\/ankerinsurance.net\/?page_id=843"},"modified":"2022-04-03T23:07:28","modified_gmt":"2022-04-04T04:07:28","slug":"servicios","status":"publish","type":"page","link":"https:\/\/ankerinsurance.net\/esp\/servicios\/","title":{"rendered":"Servicios"},"content":{"rendered":"<div class=\"wpb-content-wrapper\"><p>[vc_row css=\u00bb.vc_custom_1624653715099{padding-top: 100px !important;padding-bottom: 75px !important;}\u00bb el_id=\u00bbmarine\u00bb][vc_column][vc_row_inner][vc_column_inner width=\u00bb2\/3&#8243;][vc_column_text]<\/p>\n<h2><span style=\"color: #ad9263;\">Seguros de Carga<\/span><\/h2>\n<h5>Ofrecemos las mejores tarifas para sus seguros de carga v\u00eda mar\u00edtima, a\u00e9rea \u00f3 terrestre.<\/h5>\n<p>Al obtener la cobertura adecuada de seguro de carga mar\u00edtima (bien sea bajo una p\u00f3liza puntual, o bajo una p\u00f3liza abierta anual), se mitiga el riesgo de p\u00e9rdidas financieras a sus mercanc\u00edas en la cadena de suministro. Esto proporcionar\u00e1 la cobertura adecuada para sus mercanc\u00edas en caso de p\u00e9rdida o da\u00f1o durante el transporte nacional y\/o internacional por mar, aire, cami\u00f3n o ferrocarril. Los bienes est\u00e1n cubiertos a lo largo de la cadena de distribuci\u00f3n, as\u00ed como mientras est\u00e1n siendo almacenados o se encuentran en almacenamiento.<\/p>\n<p>Los riesgos durante el transporte pueden incluir: Robo, falta de entrega, \u201cJettison\u201d (el acto de sacrificar la carga de un buque o aeronave a fin reducir el peso o estabilizarlo), Aver\u00eda Gruesa (todas los partes involucradas comparten proporcionalmente las p\u00e9rdidas resultantes de un sacrificio voluntario de parte de la nave o carga para resguardar a la misma en caso de emergencia), mal manejo de la carga, colisi\u00f3n, vuelco y desastres naturales, etc.[\/vc_column_text][\/vc_column_inner][vc_column_inner width=\u00bb1\/3&#8243;][vc_empty_space height=\u00bb62px\u00bb][vc_single_image image=\u00bb882&#8243; img_size=\u00bbfull\u00bb][\/vc_column_inner][\/vc_row_inner][vc_row_inner css=\u00bb.vc_custom_1618899166241{margin-top: 50px !important;}\u00bb][vc_column_inner width=\u00bb1\/2&#8243;][vc_column_text]<\/p>\n<h5 style=\"text-align: center;\">Env\u00ede su solicitud para asegurar un env\u00edo<\/h5>\n<p style=\"text-align: center;\"><a href=\"\/certificado-de-solicitud-de-seguro\/\" target=\"_blank\" rel=\"noopener\">Solicitud de Certificado de Seguro de Carga<\/a><\/p>\n<p>[\/vc_column_text]<div class=\"porto-btn-ctn-center \"><a class=\"porto-btn  vc_custom_1648523616561 porto-adjust-bottom-margin porto-btn-normal porto-btn-fade-bg  porto-btn-center \" title='Solicitud de p\u00f3liza de seguro' rel='' href = \"https:\/\/ankerinsurance.net\/esp\/certificado-de-solicitud-de-seguro\/\" target='_blank' data-hover=\"\" data-border-color=\"\" data-bg=\"#ad9263\" data-hover-bg=\"#ad7006\" data-border-hover=\"\" data-shadow-click=\"none\" data-shadow=\"\" style=\"border:none;background: #ad9263;color: #ffffff;\"><span class=\"porto-btn-hover\" style=\"background-color:#ad7006\"><\/span><span class=\"porto-btn-data porto-btn-text \" >Solicitar<\/span><\/a><\/div>[\/vc_column_inner][vc_column_inner width=\u00bb1\/2&#8243;][vc_column_text]<\/p>\n<h5 style=\"text-align: center;\">Solicitar una P\u00f3liza de Carga abierta<\/h5>\n<p style=\"text-align: center;\"><a href=\"\/solicitud-de-poliza-de-seguro-de-carga\" target=\"_blank\" rel=\"noopener\">Aplicaci\u00f3n a P\u00f3liza de Seguro de Carga<\/a><\/p>\n<p>[\/vc_column_text]<div class=\"porto-btn-ctn-center \"><a class=\"porto-btn  vc_custom_1648523719343 porto-adjust-bottom-margin porto-btn-normal porto-btn-fade-bg  porto-btn-center \" title='Aplicacion poliza de seguro' rel='' href = \"https:\/\/ankerinsurance.net\/esp\/solicitud-de-poliza-de-seguro-de-carga\" target='_blank' data-hover=\"\" data-border-color=\"\" data-bg=\"#ad9263\" data-hover-bg=\"#ad7006\" data-border-hover=\"\" data-shadow-click=\"none\" data-shadow=\"\" style=\"border:none;background: #ad9263;color: #ffffff;\"><span class=\"porto-btn-hover\" style=\"background-color:#ad7006\"><\/span><span class=\"porto-btn-data porto-btn-text \" >Solicitar<\/span><\/a><\/div>[\/vc_column_inner][\/vc_row_inner][\/vc_column][\/vc_row][vc_row css=\u00bb.vc_custom_1624653725526{padding-top: 100px !important;padding-bottom: 75px !important;background-color: #f7f7f7 !important;}\u00bb el_id=\u00bbfreight\u00bb][vc_column][vc_row_inner][vc_column_inner width=\u00bb1\/3&#8243;][vc_empty_space height=\u00bb62px\u00bb][vc_single_image image=\u00bb930&#8243; img_size=\u00bbfull\u00bb][\/vc_column_inner][vc_column_inner width=\u00bb2\/3&#8243;][vc_column_text]<\/p>\n<h2><span style=\"color: #ad9263;\">Seguros de Responsabilidad<br \/>\n<\/span><\/h2>\n<h5>Ofrecemos programas personalizados dirigidos a la industria de la log\u00edstica.<\/h5>\n<p>Nuestro programa de responsabilidad est\u00e1 dise\u00f1ado para proteger los activos de su negocio y proporcionarle defensa legal cuando m\u00e1s la necesite. El riesgo financiero puede ser definitivamente reducido al contar con las siguientes coberturas:<\/p>\n<p>\u2713Responsabilidad Legal de carga: Cubre por p\u00e9rdida f\u00edsica o da\u00f1o a la carga mientras se transporta bajo su conocimiento de embarque (bill of lading) , gu\u00eda a\u00e9rea, recibo de la carga o embarque nacional.<\/p>\n<p>\u2713Errores y Omisiones: Cubre la responsabilidad de un perjuicio econ\u00f3mico sufrido por su cliente como consecuencia de su negligencia, error u omisi\u00f3n. Bien sea que lo que hizo caus\u00f3 o contribuy\u00f3 a una p\u00e9rdida (Error), o que lo que omiti\u00f3 o se olvid\u00f3 de hacer, caus\u00f3 o contribuy\u00f3 a la p\u00e9rdida (Omisi\u00f3n).<\/p>\n<p>[\/vc_column_text][\/vc_column_inner][\/vc_row_inner][vc_row_inner css=\u00bb.vc_custom_1618899183113{margin-top: 50px !important;}\u00bb][vc_column_inner width=\u00bb1\/2&#8243;][vc_column_text]<\/p>\n<h5 style=\"text-align: center;\">Aplicar para paquete log\u00edstico &#8211; Responsabilidad Legal \/ E&amp;O P\u00f3liza<\/h5>\n<p style=\"text-align: center;\"><a href=\"\/responsabilidad-legal-aplicacion-a-poliza-eo\" target=\"_blank\" rel=\"noopener\">Responsabilidad legal \/ E&amp;O Aplicaci\u00f3n a P\u00f3liza<\/a><\/p>\n<p>[\/vc_column_text]<div class=\"porto-btn-ctn-center \"><a class=\"porto-btn  vc_custom_1648523888406 porto-adjust-bottom-margin porto-btn-normal porto-btn-fade-bg  porto-btn-center \" title='Responsabilidad Legal \/ Aplicacion Poliza E&amp;O' rel='' href = \"https:\/\/ankerinsurance.net\/esp\/responsabilidad-legal-aplicacion-a-poliza-eo\" target='_blank' data-hover=\"\" data-border-color=\"\" data-bg=\"#ad9263\" data-hover-bg=\"#ad7006\" data-border-hover=\"\" data-shadow-click=\"none\" data-shadow=\"\" style=\"border:none;background: #ad9263;color: #ffffff;\"><span class=\"porto-btn-hover\" style=\"background-color:#ad7006\"><\/span><span class=\"porto-btn-data porto-btn-text \" >Solicitar<\/span><\/a><\/div>[\/vc_column_inner][vc_column_inner width=\u00bb1\/2&#8243;][vc_column_text]<\/p>\n<h5 style=\"text-align: center;\">Solicitar p\u00f3liza de Responsabilidad Legal de Almac\u00e9n<\/h5>\n<p style=\"text-align: center;\"><a href=\"\/solicitar-poliza-de-responsabilidad-legal-de-almacen\" target=\"_blank\" rel=\"noopener\">Solicitud Independiente de Responsabilidad Legal de Almac\u00e9n<\/a><\/p>\n<p>[\/vc_column_text]<div class=\"porto-btn-ctn-center \"><a class=\"porto-btn  vc_custom_1648524187600 porto-adjust-bottom-margin porto-btn-normal porto-btn-fade-bg  porto-btn-center \" title='Solicitar poliza de responsabilidad legal de almacen' rel='' href = \"https:\/\/ankerinsurance.net\/esp\/solicitar-poliza-de-responsabilidad-legal-de-almacen\" target='_blank' data-hover=\"\" data-border-color=\"\" data-bg=\"#ad9263\" data-hover-bg=\"#ad7006\" data-border-hover=\"\" data-shadow-click=\"none\" data-shadow=\"\" style=\"border:none;background: #ad9263;color: #ffffff;\"><span class=\"porto-btn-hover\" style=\"background-color:#ad7006\"><\/span><span class=\"porto-btn-data porto-btn-text \" >Solicitar<\/span><\/a><\/div>[\/vc_column_inner][\/vc_row_inner][\/vc_column][\/vc_row][vc_row css=\u00bb.vc_custom_1624653734347{padding-top: 100px !important;padding-bottom: 75px !important;}\u00bb el_id=\u00bbbonds\u00bb][vc_column][vc_row_inner][vc_column_inner width=\u00bb2\/3&#8243;][vc_column_text]<\/p>\n<h2><span style=\"color: #ad9263;\">Fianzas<\/span><\/h2>\n<h5>Ofrecemos Fianzas para que su compa\u00f1\u00eda pueda cumplir con regulaciones gubernamentales.<\/h5>\n<p>El \u201cFederal Maritime Commission\u201d FMC, requiere que todo Agente de Carga y Log\u00edstica se registre con esta agencia del gobierno, as\u00ed como que presente una prueba de responsabilidad financiera para garantizar el cumplimiento de la ley.<\/p>\n<p>Anker puede proporcionar las fianzas de \u201cOTI\u201d requeridas por el FMC, sin limitarse a: Agentes de Carga y Log\u00edstica, NVOCCs, agentes de carga extranjeros, NVOCCs sin licencia, etc.[\/vc_column_text][\/vc_column_inner][vc_column_inner width=\u00bb1\/3&#8243;][vc_empty_space height=\u00bb16px\u00bb][vc_single_image image=\u00bb928&#8243; img_size=\u00bbfull\u00bb][\/vc_column_inner][\/vc_row_inner][vc_row_inner css=\u00bb.vc_custom_1618899166241{margin-top: 50px !important;}\u00bb][vc_column_inner width=\u00bb1\/3&#8243;][vc_column_text]<\/p>\n<h5 style=\"text-align: center;\">Aplicar para Fianzas OTI<\/h5>\n<p style=\"text-align: center;\"><a href=\"\/aplicacion-fianzas-oti\" target=\"_blank\" rel=\"noopener\">Aplicaci\u00f3n Fianzas OTI<\/a><\/p>\n<p>[\/vc_column_text]<div class=\"porto-btn-ctn-center \"><a class=\"porto-btn  vc_custom_1648524610571 porto-adjust-bottom-margin porto-btn-normal porto-btn-fade-bg  porto-btn-center \" title='aplicacion fianzas oti' rel='' href = \"https:\/\/ankerinsurance.net\/esp\/aplicacion-fianzas-oti\" target='_blank' data-hover=\"\" data-border-color=\"\" data-bg=\"#ad9263\" data-hover-bg=\"#ad7006\" data-border-hover=\"\" data-shadow-click=\"none\" data-shadow=\"\" style=\"border:none;background: #ad9263;color: #ffffff;\"><span class=\"porto-btn-hover\" style=\"background-color:#ad7006\"><\/span><span class=\"porto-btn-data porto-btn-text \" >Solicitar<\/span><\/a><\/div>[\/vc_column_inner][vc_column_inner width=\u00bb1\/3&#8243;][vc_column_text]<\/p>\n<h5 style=\"text-align: center;\">Solicitar Fianza de Agente de Carga<\/h5>\n<p style=\"text-align: center;\"><a href=\"\/solicitud-fianza-de-agente-de-carga\" target=\"_blank\" rel=\"noopener\">Solicitud a Fianza de Agente de Carga<\/a><\/p>\n<p>[\/vc_column_text]<div class=\"porto-btn-ctn-center \"><a class=\"porto-btn  vc_custom_1648524521859 porto-adjust-bottom-margin porto-btn-normal porto-btn-fade-bg  porto-btn-center \" title='solicitud fianza agente de carga' rel='' href = \"https:\/\/ankerinsurance.net\/esp\/solicitud-fianza-de-agente-de-carga\" target='_blank' data-hover=\"\" data-border-color=\"\" data-bg=\"#ad9263\" data-hover-bg=\"#ad7006\" data-border-hover=\"\" data-shadow-click=\"none\" data-shadow=\"\" style=\"border:none;background: #ad9263;color: #ffffff;\"><span class=\"porto-btn-hover\" style=\"background-color:#ad7006\"><\/span><span class=\"porto-btn-data porto-btn-text \" >Solicitar<\/span><\/a><\/div>[\/vc_column_inner][vc_column_inner width=\u00bb1\/3&#8243;][vc_column_text]<\/p>\n<h5 style=\"text-align: center;\">Aplicar a Fianza personalizada<\/h5>\n<p style=\"text-align: center;\"><a href=\"\/aplicacion-a-fianza-personalizada\" target=\"_blank\" rel=\"noopener\">Aplicaci\u00f3n a Fianza personalizada<\/a><\/p>\n<p>[\/vc_column_text]<div class=\"porto-btn-ctn-center \"><a class=\"porto-btn  vc_custom_1648524531337 porto-adjust-bottom-margin porto-btn-normal porto-btn-fade-bg  porto-btn-center \" title='aplicacion fianza personalizada' rel='' href = \"https:\/\/ankerinsurance.net\/esp\/aplicacion-a-fianza-personalizada\" target='_blank' data-hover=\"\" data-border-color=\"\" data-bg=\"#ad9263\" data-hover-bg=\"#ad7006\" data-border-hover=\"\" data-shadow-click=\"none\" data-shadow=\"\" style=\"border:none;background: #ad9263;color: #ffffff;\"><span class=\"porto-btn-hover\" style=\"background-color:#ad7006\"><\/span><span class=\"porto-btn-data porto-btn-text \" >Solicitar<\/span><\/a><\/div>[\/vc_column_inner][\/vc_row_inner][\/vc_column][\/vc_row]<\/p>\n<\/div>","protected":false},"excerpt":{"rendered":"<p>[vc_row css=\u00bb.vc_custom_1624653715099{padding-top: 100px !important;padding-bottom: 75px !important;}\u00bb el_id=\u00bbmarine\u00bb][vc_column][vc_row_inner][vc_column_inner width=\u00bb2\/3&#8243;][vc_column_text] Seguros de Carga Ofrecemos las mejores tarifas para sus seguros de carga v\u00eda mar\u00edtima, a\u00e9rea \u00f3 terrestre. Al obtener la cobertura adecuada de seguro de carga mar\u00edtima (bien sea bajo una p\u00f3liza puntual, o bajo una p\u00f3liza abierta anual), se mitiga el riesgo de p\u00e9rdidas financieras a [&hellip;]<\/p>\n","protected":false},"author":1,"featured_media":0,"parent":0,"menu_order":0,"comment_status":"closed","ping_status":"closed","template":"","meta":{"footnotes":""},"class_list":["post-843","page","type-page","status-publish","hentry"],"_links":{"self":[{"href":"https:\/\/ankerinsurance.net\/esp\/wp-json\/wp\/v2\/pages\/843","targetHints":{"allow":["GET"]}}],"collection":[{"href":"https:\/\/ankerinsurance.net\/esp\/wp-json\/wp\/v2\/pages"}],"about":[{"href":"https:\/\/ankerinsurance.net\/esp\/wp-json\/wp\/v2\/types\/page"}],"author":[{"embeddable":true,"href":"https:\/\/ankerinsurance.net\/esp\/wp-json\/wp\/v2\/users\/1"}],"replies":[{"embeddable":true,"href":"https:\/\/ankerinsurance.net\/esp\/wp-json\/wp\/v2\/comments?post=843"}],"version-history":[{"count":36,"href":"https:\/\/ankerinsurance.net\/esp\/wp-json\/wp\/v2\/pages\/843\/revisions"}],"predecessor-version":[{"id":998,"href":"https:\/\/ankerinsurance.net\/esp\/wp-json\/wp\/v2\/pages\/843\/revisions\/998"}],"wp:attachment":[{"href":"https:\/\/ankerinsurance.net\/esp\/wp-json\/wp\/v2\/media?parent=843"}],"curies":[{"name":"wp","href":"https:\/\/api.w.org\/{rel}","templated":true}]}}