{"id":841,"date":"2021-04-19T00:43:09","date_gmt":"2021-04-19T05:43:09","guid":{"rendered":"https:\/\/ankerinsurance.net\/?page_id=841"},"modified":"2022-04-13T13:22:00","modified_gmt":"2022-04-13T18:22:00","slug":"compania","status":"publish","type":"page","link":"https:\/\/ankerinsurance.net\/esp\/compania\/","title":{"rendered":"Compa\u00f1\u00eda"},"content":{"rendered":"<div class=\"wpb-content-wrapper\"><p>[vc_row wrap_container=\u00bbyes\u00bb el_class=\u00bbpy-5 mt-4&#8243;][vc_column][vc_custom_heading text=\u00bbANKER CARGO INSURANCE: LO QUE NOS HACE DIFERENTES\u00bb font_container=\u00bbtag:h2|font_size:38.5|text_align:left\u00bb use_theme_fonts=\u00bbyes\u00bb font_weight=\u00bb700&#8243; skin=\u00bbdark\u00bb el_class=\u00bbmb-4 py-2&#8243;][vc_row_inner css=\u00bb.vc_custom_1618894365303{margin-top: 30px !important;}\u00bb][vc_column_inner offset=\u00bbvc_col-md-4&#8243;][vc_single_image image=\u00bb858&#8243; img_size=\u00bbfull\u00bb css=\u00bb.vc_custom_1618894357417{margin-bottom: 40px !important;}\u00bb][vc_custom_heading text=\u00bbQuienes Somos\u00bb font_container=\u00bbtag:h3|font_size:2em|text_align:left|line_height:36px\u00bb use_theme_fonts=\u00bbyes\u00bb text_transform=\u00bbtext-uppercase\u00bb font_weight=\u00bb700&#8243; skin=\u00bbprimary\u00bb el_class=\u00bbmb-1&#8243;][vc_custom_heading text=\u00bbSomos una agencia de seguros especializada en el manejo de riesgos para la industria de la log\u00edstica y transporte internacional. Nuestra misi\u00f3n es ser mas que un proveedor, ser un aliado comercial para nuestros clientes.<\/p>\n<p>Con un amplio conocimiento y experiencia en las industrias log\u00edstica, transporte y seguros, acompa\u00f1amos de la mano a nuestros aliados comerciales, proporcion\u00e1ndoles las soluciones necesarias de acuerdo a su negocio.\u00bb font_container=\u00bbtag:p|text_align:left|line_height:1.9&#8243; use_theme_fonts=\u00bbyes\u00bb el_class=\u00bbmb-4&#8243;][\/vc_column_inner][vc_column_inner offset=\u00bbvc_col-md-4&#8243;][vc_custom_heading text=\u00bbTipo de Mercancia que aseguramos\u00bb font_container=\u00bbtag:h3|font_size:1.7em|text_align:left|line_height:32px\u00bb use_theme_fonts=\u00bbyes\u00bb text_transform=\u00bbtext-uppercase\u00bb font_weight=\u00bb700&#8243; skin=\u00bbprimary\u00bb el_class=\u00bbmb-1&#8243;][vc_column_text]<\/p>\n<ul class=\"lista\">\n<li>Mercancia General<\/li>\n<li>Computadoras \/ Electr\u00f3nicos<\/li>\n<li>Celulares \/ \u201dLaptops\u201d\/Tabletas<\/li>\n<li>Autom\u00f3viles \/ Equipos Pesados \/ Botes \/ Maquinaria<\/li>\n<li>Efectos Personales y Mudanzas<\/li>\n<li>Perecederos<\/li>\n<li>Proyectos Especiales<\/li>\n<\/ul>\n<p>[\/vc_column_text][vc_custom_heading text=\u00bbCONOCIMIENTO Y EXPERIENCIA\u00bb font_container=\u00bbtag:h3|font_size:2em|text_align:left|line_height:36px\u00bb use_theme_fonts=\u00bbyes\u00bb text_transform=\u00bbtext-uppercase\u00bb font_weight=\u00bb700&#8243; skin=\u00bbprimary\u00bb el_class=\u00bbmb-1&#8243;][vc_column_text]<\/p>\n<h5><span style=\"color: #ad9263;\">Seleccionando la mejor cobertura<\/span><\/h5>\n<p>Sabemos que a menudo resulta dif\u00edcil decidir c\u00f3mo determinar qu\u00e9 tipo de cobertura se debe tomar, y qu\u00e9 tipo de beneficios deben ir atados a la misma. No se preocupe, aqu\u00ed en ANKER le ayudaremos a tomar la mejor elecci\u00f3n.<\/p>\n<h5><span style=\"color: #ad9263;\">Protegiendo a su negocio<\/span><\/h5>\n<p>En Anker estaremos gustosos de asistirlos con todas sus inquietudes y preguntas sobre qu\u00e9 tipo de Seguro conviene mas a su negocio.[\/vc_column_text][\/vc_column_inner][vc_column_inner offset=\u00bbvc_col-md-4&#8243;][vc_custom_heading text=\u00bbNuestra Misi\u00f3n y Visi\u00f3n\u00bb font_container=\u00bbtag:h3|font_size:2em|text_align:left|line_height:36px\u00bb use_theme_fonts=\u00bbyes\u00bb text_transform=\u00bbtext-uppercase\u00bb font_weight=\u00bb700&#8243; skin=\u00bbprimary\u00bb el_class=\u00bbmb-1&#8243;][vc_custom_heading text=\u00bbNuestra misi\u00f3n y visi\u00f3n se ve reforzada por una filosof\u00eda de servicio excepcional que se centra en el m\u00e1s alto nivel de desempe\u00f1o y est\u00e1ndares, estabilidad, relaciones a largo plazo y consistencia.\u00bb font_container=\u00bbtag:p|text_align:left|line_height:1.9&#8243; use_theme_fonts=\u00bbyes\u00bb el_class=\u00bbpb-2 mb-4&#8243;][vc_single_image image=\u00bb861&#8243; img_size=\u00bbfull\u00bb]<div class=\"porto-u-icons  vc_custom_1608348693666 mb-0\">\n<a href=\"#\"><div class=\"porto-icon \"  style=\"color:#ad9263;font-size:22.4px;\">\n\t<i class=\"fab fa-instagram\"><\/i>\n<\/div><\/a>\n<a href=\"#\"><div class=\"porto-icon \"  style=\"color:#ad9263;font-size:22.4px;\">\n\t<i class=\"fab fa-twitter\"><\/i>\n<\/div><\/a>\n<a href=\"#\"><div class=\"porto-icon \"  style=\"color:#ad9263;font-size:22.4px;\">\n\t<i class=\"fab fa-facebook-f\"><\/i>\n<\/div><\/a><\/div>[\/vc_column_inner][\/vc_row_inner][\/vc_column][\/vc_row][vc_row wrap_container=\u00bbyes\u00bb css=\u00bb.vc_custom_1618895771713{padding-top: 80px !important;padding-bottom: 60px !important;background-color: #f9f9f9 !important;}\u00bb][vc_column width=\u00bb1\/6&#8243;][\/vc_column][vc_column width=\u00bb2\/3&#8243;][vc_custom_heading text=\u00bb\u00a1Sobre nosotros!\u00bb font_container=\u00bbtag:h2|font_size:3em|text_align:center|line_height:36px\u00bb use_theme_fonts=\u00bbyes\u00bb text_transform=\u00bbtext-uppercase\u00bb font_weight=\u00bb700&#8243; skin=\u00bbprimary\u00bb el_class=\u00bbmb-1&#8243;][vc_column_text]Somos un grupo de profesionales din\u00e1mico, organizado y con fuertes habilidades de servicio al cliente. Estamos encantados de poder servirles en ingl\u00e9s, espa\u00f1ol, franc\u00e9s o portugu\u00e9s.<\/p>\n<hr \/>\n<p>[\/vc_column_text][vc_custom_heading text=\u00bbLiderazgo a su servicio\u00bb font_container=\u00bbtag:h3|font_size:2em|text_align:center|line_height:36px\u00bb use_theme_fonts=\u00bbyes\u00bb text_transform=\u00bbtext-uppercase\u00bb font_weight=\u00bb700&#8243; skin=\u00bbprimary\u00bb el_class=\u00bbmb-1&#8243;][vc_row_inner css=\u00bb.vc_custom_1648521138606{padding-top: 30px !important;}\u00bb][vc_column_inner width=\u00bb1\/2&#8243;][vc_single_image image=\u00bb1012&#8243; img_size=\u00bbfull\u00bb][vc_column_text]<\/p>\n<h4 style=\"text-align: center;\"><strong>Luis Mu\u00f1oz-Schira<\/strong><\/h4>\n<h5 style=\"text-align: center;\">Presidente<\/h5>\n<p style=\"text-align: center;\">Ejecutivo de alto nivel con larga experiencia en pr\u00e1cticas de gesti\u00f3n, financieras y log\u00edsticas. M\u00e1s de dos d\u00e9cadas liderando proyectos en mercados multiculturales.<\/p>\n<p>[\/vc_column_text][\/vc_column_inner][vc_column_inner width=\u00bb1\/2&#8243;][vc_single_image image=\u00bb1011&#8243; img_size=\u00bbfull\u00bb][vc_column_text]<\/p>\n<h4 style=\"text-align: center;\"><strong>Munira Mu\u00f1oz<\/strong><\/h4>\n<h5 style=\"text-align: center;\">Vicepresidente<\/h5>\n<p style=\"text-align: center;\">Competente profesional con muchos a\u00f1os de eficiente labor en \u00e1reas de Seguros Mar\u00edtimos \/ Comerciales. Probada experiencia en Seguros de Carga, Servicios de Flete y Fianzas.<\/p>\n<p>[\/vc_column_text][\/vc_column_inner][\/vc_row_inner][\/vc_column][vc_column width=\u00bb1\/6&#8243;][\/vc_column][\/vc_row][vc_row css=\u00bb.vc_custom_1649045532151{padding-top: 70px !important;padding-bottom: 60px !important;}\u00bb][vc_column][vc_row_inner][vc_column_inner width=\u00bb1\/6&#8243;][\/vc_column_inner][vc_column_inner width=\u00bb2\/3&#8243;][vc_column_text]<\/p>\n<p style=\"text-align: center;\"><span style=\"font-size: 18px;\"><strong>SOMOS MIEMBROS DE VAFFA, Asociaci\u00f3n Venezonala Americana de Agentes de Carga y FCBF, Asociaci\u00f3n de Agentes de Carga y Aduana de la Florida<\/strong><\/span><\/p>\n<p>[\/vc_column_text][\/vc_column_inner][vc_column_inner width=\u00bb1\/6&#8243;][\/vc_column_inner][\/vc_row_inner][vc_row_inner css=\u00bb.vc_custom_1649045771676{padding-top: 25px !important;}\u00bb][vc_column_inner width=\u00bb1\/4&#8243;][\/vc_column_inner][vc_column_inner width=\u00bb1\/4&#8243;][vc_single_image image=\u00bb1003&#8243; img_size=\u00bbfull\u00bb][\/vc_column_inner][vc_column_inner width=\u00bb1\/4&#8243;][vc_single_image image=\u00bb1002&#8243; img_size=\u00bbfull\u00bb][\/vc_column_inner][vc_column_inner width=\u00bb1\/4&#8243;][\/vc_column_inner][\/vc_row_inner][\/vc_column][\/vc_row]<\/p>\n<\/div>","protected":false},"excerpt":{"rendered":"<p>[vc_row wrap_container=\u00bbyes\u00bb el_class=\u00bbpy-5 mt-4&#8243;][vc_column][vc_custom_heading text=\u00bbANKER CARGO INSURANCE: LO QUE NOS HACE DIFERENTES\u00bb font_container=\u00bbtag:h2|font_size:38.5|text_align:left\u00bb use_theme_fonts=\u00bbyes\u00bb font_weight=\u00bb700&#8243; skin=\u00bbdark\u00bb el_class=\u00bbmb-4 py-2&#8243;][vc_row_inner css=\u00bb.vc_custom_1618894365303{margin-top: 30px !important;}\u00bb][vc_column_inner offset=\u00bbvc_col-md-4&#8243;][vc_single_image image=\u00bb858&#8243; img_size=\u00bbfull\u00bb css=\u00bb.vc_custom_1618894357417{margin-bottom: 40px !important;}\u00bb][vc_custom_heading text=\u00bbQuienes Somos\u00bb font_container=\u00bbtag:h3|font_size:2em|text_align:left|line_height:36px\u00bb use_theme_fonts=\u00bbyes\u00bb text_transform=\u00bbtext-uppercase\u00bb font_weight=\u00bb700&#8243; skin=\u00bbprimary\u00bb el_class=\u00bbmb-1&#8243;][vc_custom_heading text=\u00bbSomos una agencia de seguros especializada en el manejo de riesgos para la industria de la log\u00edstica y transporte internacional. [&hellip;]<\/p>\n","protected":false},"author":1,"featured_media":0,"parent":0,"menu_order":0,"comment_status":"closed","ping_status":"closed","template":"","meta":{"footnotes":""},"class_list":["post-841","page","type-page","status-publish","hentry"],"_links":{"self":[{"href":"https:\/\/ankerinsurance.net\/esp\/wp-json\/wp\/v2\/pages\/841","targetHints":{"allow":["GET"]}}],"collection":[{"href":"https:\/\/ankerinsurance.net\/esp\/wp-json\/wp\/v2\/pages"}],"about":[{"href":"https:\/\/ankerinsurance.net\/esp\/wp-json\/wp\/v2\/types\/page"}],"author":[{"embeddable":true,"href":"https:\/\/ankerinsurance.net\/esp\/wp-json\/wp\/v2\/users\/1"}],"replies":[{"embeddable":true,"href":"https:\/\/ankerinsurance.net\/esp\/wp-json\/wp\/v2\/comments?post=841"}],"version-history":[{"count":31,"href":"https:\/\/ankerinsurance.net\/esp\/wp-json\/wp\/v2\/pages\/841\/revisions"}],"predecessor-version":[{"id":1014,"href":"https:\/\/ankerinsurance.net\/esp\/wp-json\/wp\/v2\/pages\/841\/revisions\/1014"}],"wp:attachment":[{"href":"https:\/\/ankerinsurance.net\/esp\/wp-json\/wp\/v2\/media?parent=841"}],"curies":[{"name":"wp","href":"https:\/\/api.w.org\/{rel}","templated":true}]}}